{"id":235317,"date":"2026-03-06T16:31:24","date_gmt":"2026-03-06T15:31:24","guid":{"rendered":"https:\/\/campinglacomtesse.com\/nature-weekend-in-the-landes-stay-at-camping-la-comtesse\/"},"modified":"2026-03-13T15:01:08","modified_gmt":"2026-03-13T14:01:08","slug":"nature-weekend-in-the-landes-stay-at-camping-la-comtesse","status":"publish","type":"page","link":"https:\/\/campinglacomtesse.com\/en\/nature-weekend-in-the-landes-stay-at-camping-la-comtesse\/","title":{"rendered":"Nature weekend in the Landes &#8211; GOOD"},"content":{"rendered":"<p>Would you like to get away from it all for a <strong>weekend in the Landes?<\/strong><br \/>\nCamping La Comtesse welcomes you to B\u00e9lus, in a natural and peaceful setting, ideal for a relaxing break for the whole <a href=\"https:\/\/campinglacomtesse.com\/camping-familial-landes\" target=\"_blank\" rel=\"noopener\">family<\/a> or just the two of you.<\/p>\n<p>Located just 20 minutes from Dax and 35 minutes from the beaches of Hossegor and Capbreton, our campsite is an ideal base for discovering <a href=\"https:\/\/campinglacomtesse.com\/en\/nature-family-camping-at-belus\/\" target=\"_blank\" rel=\"noopener\">the south of the Landes<\/a> while enjoying the peace and quiet of the hinterland.<\/p>\n<p>Whether for two nights or a few days, enjoy a nature break at a family campsite in <a href=\"https:\/\/campinglacomtesse.com\/en\/nature-family-camping-at-belus\/\" target=\"_blank\" rel=\"noopener\">the south of the Landes<\/a>.<\/p>\n<h2>A nature weekend in southern Landes<\/h2>\n<p>Camping La Comtesse is the ideal place to enjoy a <strong>nature weekend in the Landes<\/strong>.<\/p>\n<p>Surrounded by forests and natural areas, the campsite offers a restful setting to recharge your batteries away from the hustle and bustle of everyday life.<\/p>\n<p>On site, you can enjoy :<\/p>\n<ul>\n<li><strong>swimming pool<\/strong> and <strong>waterslides<\/strong><\/li>\n<li>the<strong>camping pond<\/strong><\/li>\n<li><strong>boulodromes<\/strong><\/li>\n<li>a <strong>games<\/strong> and relaxation <strong>room<\/strong> with a baby play area, board games for <a href=\"https:\/\/campinglacomtesse.com\/camping-familial-landes\" target=\"_blank\" rel=\"noopener\">the whole family<\/a>, and TV<\/li>\n<\/ul>\n<p>Families particularly appreciate the campsite&#8217;s friendly atmosphere and human scale.<\/p>\n<h2>Discover the Landes for a weekend<\/h2>\n<p>A stay at Camping La Comtesse is an easy way to discover the most beautiful sites in the south of the Landes region.<\/p>\n<p>During your weekend, you can :<\/p>\n<ul>\n<li>enjoy the<strong> beaches of Hossegor<\/strong> and Capbreton<\/li>\n<li>visit the <strong>spa town of<\/strong> Dax<\/li>\n<li>explore our selection of <strong>local farms<\/strong><\/li>\n<li>discover the <strong>villages of the Basque Country<\/strong><\/li>\n<\/ul>\n<p><a href=\"https:\/\/campinglacomtesse.com\/en\/nearby\/\" target=\"_blank\" rel=\"noopener\">The region<\/a> offers <a href=\"https:\/\/campinglacomtesse.com\/en\/activities\/\" target=\"_blank\" rel=\"noopener\">a wide range of activities<\/a>: cycling, canoeing, surfing, local markets, Landes gastronomy and cultural visits.<\/p>\n<p><img decoding=\"async\" class=\"alignnone size-medium wp-image-235314\" src=\"https:\/\/campinglacomtesse.com\/wp-content\/uploads\/2026\/03\/weekend-landes-camping-300x169.jpg\" alt=\"Weekend in the Landes at La Comtesse family campsite\" width=\"300\" height=\"169\"><\/p>\n<h2>A comfortable stay at Camping La Comtesse<\/h2>\n<p>For your weekend in the Landes, Camping La Comtesse offers several types of accommodation:<\/p>\n<ul>\n<li>comfortable <a href=\"https:\/\/campinglacomtesse.com\/en\/our-accommodations\/\" target=\"_blank\" rel=\"noopener\">mobile homes<\/a> <\/li>\n<li>camping pitches for tent, van or camper<\/li>\n<\/ul>\n<p>Whether you come for a weekend or a few days, you&#8217;ll enjoy a natural, family-friendly setting to relax and discover the Landes in a different way.<\/p>\n<h2>The ideal campsite for a getaway in the Landes region<\/h2>\n<p>Thanks to its privileged location in B\u00e9lus, Camping La Comtesse lets you enjoy both the peace and quiet of the countryside and the proximity of the ocean.<\/p>\n<p>Between swimming, forest walks, days at the beach and relaxing at the campsite, your weekend in the Landes will be the perfect opportunity to recharge your batteries in the heart of nature.<\/p>\n","protected":false},"excerpt":{"rendered":"<p>Would you like to get away from it all for a weekend in the Landes? Camping La Comtesse welcomes you to B\u00e9lus, in a natural and peaceful setting, ideal for a relaxing break for the whole family or just the two of you. Located just 20 minutes from Dax and 35 minutes from the beaches [&hellip;]<\/p>\n","protected":false},"author":6,"featured_media":235315,"parent":0,"menu_order":0,"comment_status":"closed","ping_status":"closed","template":"","meta":{"_acf_changed":false,"_et_pb_use_builder":"","_et_pb_old_content":"","_et_gb_content_width":"","inline_featured_image":false,"footnotes":""},"class_list":["post-235317","page","type-page","status-publish","has-post-thumbnail","hentry"],"acf":[],"yoast_head":"<!-- This site is optimized with the Yoast SEO plugin v27.4 - https:\/\/yoast.com\/product\/yoast-seo-wordpress\/ -->\n<title>Week end Landes | Nature stay at Camping La Comtesse<\/title>\n<meta name=\"description\" content=\"Weekend Landes: enjoy a nature break at Camping La Comtesse in B\u00e9lus. Family campsite in southern Landes with swimming pool, 20 min from Dax and 35 min from Hossegor.\" \/>\n<meta name=\"robots\" content=\"index, follow, max-snippet:-1, max-image-preview:large, max-video-preview:-1\" \/>\n<link rel=\"canonical\" href=\"https:\/\/campinglacomtesse.com\/en\/nature-weekend-in-the-landes-stay-at-camping-la-comtesse\/\" \/>\n<meta property=\"og:locale\" content=\"en_US\" \/>\n<meta property=\"og:type\" content=\"article\" \/>\n<meta property=\"og:title\" content=\"Week end Landes | Nature stay at Camping La Comtesse\" \/>\n<meta property=\"og:description\" content=\"Weekend Landes: enjoy a nature break at Camping La Comtesse in B\u00e9lus. Family campsite in southern Landes with swimming pool, 20 min from Dax and 35 min from Hossegor.\" \/>\n<meta property=\"og:url\" content=\"https:\/\/campinglacomtesse.com\/en\/nature-weekend-in-the-landes-stay-at-camping-la-comtesse\/\" \/>\n<meta property=\"og:site_name\" content=\"Camping La Comtesse\" \/>\n<meta property=\"article:publisher\" content=\"https:\/\/www.facebook.com\/campinglacomtesse\/\" \/>\n<meta property=\"article:modified_time\" content=\"2026-03-13T14:01:08+00:00\" \/>\n<meta property=\"og:image\" content=\"https:\/\/campinglacomtesse.com\/wp-content\/uploads\/2026\/03\/weekend-landes-camping.jpg\" \/>\n\t<meta property=\"og:image:width\" content=\"784\" \/>\n\t<meta property=\"og:image:height\" content=\"441\" \/>\n\t<meta property=\"og:image:type\" content=\"image\/jpeg\" \/>\n<meta name=\"twitter:card\" content=\"summary_large_image\" \/>\n<meta name=\"twitter:label1\" content=\"Est. reading time\" \/>\n\t<meta name=\"twitter:data1\" content=\"2 minutes\" \/>\n<script type=\"application\/ld+json\" class=\"yoast-schema-graph\">{\"@context\":\"https:\\\/\\\/schema.org\",\"@graph\":[{\"@type\":\"WebPage\",\"@id\":\"https:\\\/\\\/campinglacomtesse.com\\\/en\\\/nature-weekend-in-the-landes-stay-at-camping-la-comtesse\\\/\",\"url\":\"https:\\\/\\\/campinglacomtesse.com\\\/en\\\/nature-weekend-in-the-landes-stay-at-camping-la-comtesse\\\/\",\"name\":\"Week end Landes | Nature stay at Camping La Comtesse\",\"isPartOf\":{\"@id\":\"https:\\\/\\\/campinglacomtesse.com\\\/en\\\/#website\"},\"primaryImageOfPage\":{\"@id\":\"https:\\\/\\\/campinglacomtesse.com\\\/en\\\/nature-weekend-in-the-landes-stay-at-camping-la-comtesse\\\/#primaryimage\"},\"image\":{\"@id\":\"https:\\\/\\\/campinglacomtesse.com\\\/en\\\/nature-weekend-in-the-landes-stay-at-camping-la-comtesse\\\/#primaryimage\"},\"thumbnailUrl\":\"https:\\\/\\\/campinglacomtesse.com\\\/wp-content\\\/uploads\\\/2026\\\/03\\\/weekend-landes-camping.jpg\",\"datePublished\":\"2026-03-06T15:31:24+00:00\",\"dateModified\":\"2026-03-13T14:01:08+00:00\",\"description\":\"Weekend Landes: enjoy a nature break at Camping La Comtesse in B\u00e9lus. Family campsite in southern Landes with swimming pool, 20 min from Dax and 35 min from Hossegor.\",\"breadcrumb\":{\"@id\":\"https:\\\/\\\/campinglacomtesse.com\\\/en\\\/nature-weekend-in-the-landes-stay-at-camping-la-comtesse\\\/#breadcrumb\"},\"inLanguage\":\"en-US\",\"potentialAction\":[{\"@type\":\"ReadAction\",\"target\":[\"https:\\\/\\\/campinglacomtesse.com\\\/en\\\/nature-weekend-in-the-landes-stay-at-camping-la-comtesse\\\/\"]}]},{\"@type\":\"ImageObject\",\"inLanguage\":\"en-US\",\"@id\":\"https:\\\/\\\/campinglacomtesse.com\\\/en\\\/nature-weekend-in-the-landes-stay-at-camping-la-comtesse\\\/#primaryimage\",\"url\":\"https:\\\/\\\/campinglacomtesse.com\\\/wp-content\\\/uploads\\\/2026\\\/03\\\/weekend-landes-camping.jpg\",\"contentUrl\":\"https:\\\/\\\/campinglacomtesse.com\\\/wp-content\\\/uploads\\\/2026\\\/03\\\/weekend-landes-camping.jpg\",\"width\":784,\"height\":441,\"caption\":\"Week end dans les Landes au camping familial La Comtesse\"},{\"@type\":\"BreadcrumbList\",\"@id\":\"https:\\\/\\\/campinglacomtesse.com\\\/en\\\/nature-weekend-in-the-landes-stay-at-camping-la-comtesse\\\/#breadcrumb\",\"itemListElement\":[{\"@type\":\"ListItem\",\"position\":1,\"name\":\"Accueil\",\"item\":\"https:\\\/\\\/campinglacomtesse.com\\\/en\\\/\"},{\"@type\":\"ListItem\",\"position\":2,\"name\":\"Nature weekend in the Landes &#8211; GOOD\"}]},{\"@type\":\"WebSite\",\"@id\":\"https:\\\/\\\/campinglacomtesse.com\\\/en\\\/#website\",\"url\":\"https:\\\/\\\/campinglacomtesse.com\\\/en\\\/\",\"name\":\"Camping La Comtesse\",\"description\":\"Camping 3 \u00e9toiles \u00e0 B\u00e9lus\",\"potentialAction\":[{\"@type\":\"SearchAction\",\"target\":{\"@type\":\"EntryPoint\",\"urlTemplate\":\"https:\\\/\\\/campinglacomtesse.com\\\/en\\\/?s={search_term_string}\"},\"query-input\":{\"@type\":\"PropertyValueSpecification\",\"valueRequired\":true,\"valueName\":\"search_term_string\"}}],\"inLanguage\":\"en-US\"}]}<\/script>\n<!-- \/ Yoast SEO plugin. -->","yoast_head_json":{"title":"Week end Landes | Nature stay at Camping La Comtesse","description":"Weekend Landes: enjoy a nature break at Camping La Comtesse in B\u00e9lus. Family campsite in southern Landes with swimming pool, 20 min from Dax and 35 min from Hossegor.","robots":{"index":"index","follow":"follow","max-snippet":"max-snippet:-1","max-image-preview":"max-image-preview:large","max-video-preview":"max-video-preview:-1"},"canonical":"https:\/\/campinglacomtesse.com\/en\/nature-weekend-in-the-landes-stay-at-camping-la-comtesse\/","og_locale":"en_US","og_type":"article","og_title":"Week end Landes | Nature stay at Camping La Comtesse","og_description":"Weekend Landes: enjoy a nature break at Camping La Comtesse in B\u00e9lus. Family campsite in southern Landes with swimming pool, 20 min from Dax and 35 min from Hossegor.","og_url":"https:\/\/campinglacomtesse.com\/en\/nature-weekend-in-the-landes-stay-at-camping-la-comtesse\/","og_site_name":"Camping La Comtesse","article_publisher":"https:\/\/www.facebook.com\/campinglacomtesse\/","article_modified_time":"2026-03-13T14:01:08+00:00","og_image":[{"width":784,"height":441,"url":"https:\/\/campinglacomtesse.com\/wp-content\/uploads\/2026\/03\/weekend-landes-camping.jpg","type":"image\/jpeg"}],"twitter_card":"summary_large_image","twitter_misc":{"Est. reading time":"2 minutes"},"schema":{"@context":"https:\/\/schema.org","@graph":[{"@type":"WebPage","@id":"https:\/\/campinglacomtesse.com\/en\/nature-weekend-in-the-landes-stay-at-camping-la-comtesse\/","url":"https:\/\/campinglacomtesse.com\/en\/nature-weekend-in-the-landes-stay-at-camping-la-comtesse\/","name":"Week end Landes | Nature stay at Camping La Comtesse","isPartOf":{"@id":"https:\/\/campinglacomtesse.com\/en\/#website"},"primaryImageOfPage":{"@id":"https:\/\/campinglacomtesse.com\/en\/nature-weekend-in-the-landes-stay-at-camping-la-comtesse\/#primaryimage"},"image":{"@id":"https:\/\/campinglacomtesse.com\/en\/nature-weekend-in-the-landes-stay-at-camping-la-comtesse\/#primaryimage"},"thumbnailUrl":"https:\/\/campinglacomtesse.com\/wp-content\/uploads\/2026\/03\/weekend-landes-camping.jpg","datePublished":"2026-03-06T15:31:24+00:00","dateModified":"2026-03-13T14:01:08+00:00","description":"Weekend Landes: enjoy a nature break at Camping La Comtesse in B\u00e9lus. Family campsite in southern Landes with swimming pool, 20 min from Dax and 35 min from Hossegor.","breadcrumb":{"@id":"https:\/\/campinglacomtesse.com\/en\/nature-weekend-in-the-landes-stay-at-camping-la-comtesse\/#breadcrumb"},"inLanguage":"en-US","potentialAction":[{"@type":"ReadAction","target":["https:\/\/campinglacomtesse.com\/en\/nature-weekend-in-the-landes-stay-at-camping-la-comtesse\/"]}]},{"@type":"ImageObject","inLanguage":"en-US","@id":"https:\/\/campinglacomtesse.com\/en\/nature-weekend-in-the-landes-stay-at-camping-la-comtesse\/#primaryimage","url":"https:\/\/campinglacomtesse.com\/wp-content\/uploads\/2026\/03\/weekend-landes-camping.jpg","contentUrl":"https:\/\/campinglacomtesse.com\/wp-content\/uploads\/2026\/03\/weekend-landes-camping.jpg","width":784,"height":441,"caption":"Week end dans les Landes au camping familial La Comtesse"},{"@type":"BreadcrumbList","@id":"https:\/\/campinglacomtesse.com\/en\/nature-weekend-in-the-landes-stay-at-camping-la-comtesse\/#breadcrumb","itemListElement":[{"@type":"ListItem","position":1,"name":"Accueil","item":"https:\/\/campinglacomtesse.com\/en\/"},{"@type":"ListItem","position":2,"name":"Nature weekend in the Landes &#8211; GOOD"}]},{"@type":"WebSite","@id":"https:\/\/campinglacomtesse.com\/en\/#website","url":"https:\/\/campinglacomtesse.com\/en\/","name":"Camping La Comtesse","description":"Camping 3 \u00e9toiles \u00e0 B\u00e9lus","potentialAction":[{"@type":"SearchAction","target":{"@type":"EntryPoint","urlTemplate":"https:\/\/campinglacomtesse.com\/en\/?s={search_term_string}"},"query-input":{"@type":"PropertyValueSpecification","valueRequired":true,"valueName":"search_term_string"}}],"inLanguage":"en-US"}]}},"_links":{"self":[{"href":"https:\/\/campinglacomtesse.com\/en\/wp-json\/wp\/v2\/pages\/235317","targetHints":{"allow":["GET"]}}],"collection":[{"href":"https:\/\/campinglacomtesse.com\/en\/wp-json\/wp\/v2\/pages"}],"about":[{"href":"https:\/\/campinglacomtesse.com\/en\/wp-json\/wp\/v2\/types\/page"}],"author":[{"embeddable":true,"href":"https:\/\/campinglacomtesse.com\/en\/wp-json\/wp\/v2\/users\/6"}],"replies":[{"embeddable":true,"href":"https:\/\/campinglacomtesse.com\/en\/wp-json\/wp\/v2\/comments?post=235317"}],"version-history":[{"count":2,"href":"https:\/\/campinglacomtesse.com\/en\/wp-json\/wp\/v2\/pages\/235317\/revisions"}],"predecessor-version":[{"id":235450,"href":"https:\/\/campinglacomtesse.com\/en\/wp-json\/wp\/v2\/pages\/235317\/revisions\/235450"}],"wp:featuredmedia":[{"embeddable":true,"href":"https:\/\/campinglacomtesse.com\/en\/wp-json\/wp\/v2\/media\/235315"}],"wp:attachment":[{"href":"https:\/\/campinglacomtesse.com\/en\/wp-json\/wp\/v2\/media?parent=235317"}],"curies":[{"name":"wp","href":"https:\/\/api.w.org\/{rel}","templated":true}]}}