{"id":235338,"date":"2026-03-12T10:50:45","date_gmt":"2026-03-12T09:50:45","guid":{"rendered":"https:\/\/campinglacomtesse.com\/family-campsite-in-landes\/"},"modified":"2026-03-12T10:52:01","modified_gmt":"2026-03-12T09:52:01","slug":"family-campsite-in-landes","status":"publish","type":"page","link":"https:\/\/campinglacomtesse.com\/en\/family-campsite-in-landes\/","title":{"rendered":"Family campsite in Landes"},"content":{"rendered":"<h2>Family campsite in Landes<\/h2>\n<p>Are you looking for <a href=\"https:\/\/campinglacomtesse.com\/en\/camping-in-the-south-of-the-landes-nature-family-campsite-at-belus\/\" target=\"_blank\" rel=\"noopener\">a family campsite in the Landes<\/a> for your next vacation with your children?<br \/>\nCamping La Comtesse welcomes you to B\u00e9lus in a quiet, natural setting, ideal for a family holiday.<\/p>\n<p>Located in the south of the Landes region, between Dax, the Atlantic Ocean and the Basque Country, our campsite offers a peaceful environment ideal for relaxation and vacations with children.<\/p>\n<h2>An ideal campsite for families<\/h2>\n<p>Families particularly appreciate the friendly, secure atmosphere at Camping La Comtesse.<\/p>\n<p>On site, you&#8217;ll find :<\/p>\n<ul>\n<li>an <a href=\"https:\/\/campinglacomtesse.com\/en\/swimming\/\" target=\"_blank\" rel=\"noopener\">aquatic area<\/a> with swimming pool, paddling pool and slides<\/li>\n<li>a children&#8217;s<a href=\"https:\/\/campinglacomtesse.com\/en\/activities\/\" target=\"_blank\" rel=\"noopener\"> playground<\/a> <\/li>\n<li>a mini-club in July and August<\/li>\n<li>spacious pitches bordered by hedges<\/li>\n<li>comfortable mobile <a href=\"https:\/\/campinglacomtesse.com\/en\/our-accommodations\/\" target=\"_blank\" rel=\"noopener\">homes<\/a> with air conditioning and some with TV<\/li>\n<li>a pond to enjoy nature<\/li>\n<li>a bar-snack bar open in season and at weekends out of season<\/li>\n<\/ul>\n<p>Everything is designed to allow parents to relax while their children enjoy their vacation to the full.<\/p>\n<p><img decoding=\"async\" class=\"size-medium wp-image-235333\" src=\"https:\/\/campinglacomtesse.com\/wp-content\/uploads\/2026\/03\/Camping-La-Comtesse-Gamme-Respire_210824_141_0-300x200.jpg\" alt=\"piscine camping familial landes camping la comtesse\" width=\"300\" height=\"200\"><\/p>\n<div id=\"attachment_235336\" style=\"width: 310px\" class=\"wp-caption alignnone\"><img decoding=\"async\" aria-describedby=\"caption-attachment-235336\" class=\"size-medium wp-image-235336\" src=\"https:\/\/campinglacomtesse.com\/wp-content\/uploads\/2026\/03\/Camping-La-Comtesse-Gamme-Respire_210824_143_0-300x200.jpg\" alt=\"children's playground family camping landes\" width=\"300\" height=\"200\"><p id=\"caption-attachment-235336\" class=\"wp-caption-text\">children&#8217;s playground family camping landes<\/p><\/div>\n<h2>Comfortable mobile homes for your stay<\/h2>\n<p>The campsite also offers 2 and 3-bedroom mobile homes with reversible air-conditioning and outdoor terraces for family get-togethers.<\/p>\n<p><img decoding=\"async\" class=\"alignnone size-medium wp-image-234987\" src=\"https:\/\/campinglacomtesse.com\/wp-content\/uploads\/2025\/10\/VENEZIA-81.3-CH-PARENTS.jpg-1200px-300x200.jpg\" alt=\"mobilhome camping family landes\" width=\"300\" height=\"200\"><\/p>\n<h2>Discover the Landes with your family<\/h2>\n<p>Camping La Comtesse is ideally located for discovering <a href=\"https:\/\/campinglacomtesse.com\/en\/nearby\/\" target=\"_blank\" rel=\"noopener\"> the region<\/a>: <\/p>\n<ul>\n<li>Hossegor and Capbreton beaches 30 minutes away<\/li>\n<li>Dax thermal baths<\/li>\n<li>the typical villages of the Pays d&#8217;Orthe and <a href=\"https:\/\/www.lavalleedukiwi.com\/\" target=\"_blank\" rel=\"noopener\">the Kiwi Valley<\/a><\/li>\n<li>Landes markets and specialities<\/li>\n<\/ul>\n<p>Electric bikes are also available for hire for exploring the surrounding countryside.<\/p>\n","protected":false},"excerpt":{"rendered":"<p>Family campsite in Landes Are you looking for a family campsite in the Landes for your next vacation with your children? Camping La Comtesse welcomes you to B\u00e9lus in a quiet, natural setting, ideal for a family holiday. Located in the south of the Landes region, between Dax, the Atlantic Ocean and the Basque Country, [&hellip;]<\/p>\n","protected":false},"author":6,"featured_media":235334,"parent":0,"menu_order":0,"comment_status":"closed","ping_status":"closed","template":"","meta":{"_acf_changed":false,"_et_pb_use_builder":"","_et_pb_old_content":"","_et_gb_content_width":"","inline_featured_image":false,"footnotes":""},"class_list":["post-235338","page","type-page","status-publish","has-post-thumbnail","hentry"],"acf":[],"yoast_head":"<!-- This site is optimized with the Yoast SEO plugin v27.4 - https:\/\/yoast.com\/product\/yoast-seo-wordpress\/ -->\n<title>Family campsite in the Landes | Camping La Comtesse<\/title>\n<meta name=\"description\" content=\"Family campsite in the Landes with swimming pool, slides and spacious pitches. A peaceful, natural break near Dax and Hossegor at Camping La Comtesse.\" \/>\n<meta name=\"robots\" content=\"index, follow, max-snippet:-1, max-image-preview:large, max-video-preview:-1\" \/>\n<link rel=\"canonical\" href=\"https:\/\/campinglacomtesse.com\/en\/family-campsite-in-landes\/\" \/>\n<meta property=\"og:locale\" content=\"en_US\" \/>\n<meta property=\"og:type\" content=\"article\" \/>\n<meta property=\"og:title\" content=\"Family campsite in the Landes | Camping La Comtesse\" \/>\n<meta property=\"og:description\" content=\"Family campsite in the Landes with swimming pool, slides and spacious pitches. A peaceful, natural break near Dax and Hossegor at Camping La Comtesse.\" \/>\n<meta property=\"og:url\" content=\"https:\/\/campinglacomtesse.com\/en\/family-campsite-in-landes\/\" \/>\n<meta property=\"og:site_name\" content=\"Camping La Comtesse\" \/>\n<meta property=\"article:publisher\" content=\"https:\/\/www.facebook.com\/campinglacomtesse\/\" \/>\n<meta property=\"article:modified_time\" content=\"2026-03-12T09:52:01+00:00\" \/>\n<meta property=\"og:image\" content=\"https:\/\/campinglacomtesse.com\/wp-content\/uploads\/2026\/03\/Camping-La-Comtesse-Gamme-Respire_210824_141_0.jpg\" \/>\n\t<meta property=\"og:image:width\" content=\"1000\" \/>\n\t<meta property=\"og:image:height\" content=\"666\" \/>\n\t<meta property=\"og:image:type\" content=\"image\/jpeg\" \/>\n<meta name=\"twitter:card\" content=\"summary_large_image\" \/>\n<meta name=\"twitter:label1\" content=\"Est. reading time\" \/>\n\t<meta name=\"twitter:data1\" content=\"1 minute\" \/>\n<script type=\"application\/ld+json\" class=\"yoast-schema-graph\">{\"@context\":\"https:\\\/\\\/schema.org\",\"@graph\":[{\"@type\":\"WebPage\",\"@id\":\"https:\\\/\\\/campinglacomtesse.com\\\/en\\\/family-campsite-in-landes\\\/\",\"url\":\"https:\\\/\\\/campinglacomtesse.com\\\/en\\\/family-campsite-in-landes\\\/\",\"name\":\"Family campsite in the Landes | Camping La Comtesse\",\"isPartOf\":{\"@id\":\"https:\\\/\\\/campinglacomtesse.com\\\/en\\\/#website\"},\"primaryImageOfPage\":{\"@id\":\"https:\\\/\\\/campinglacomtesse.com\\\/en\\\/family-campsite-in-landes\\\/#primaryimage\"},\"image\":{\"@id\":\"https:\\\/\\\/campinglacomtesse.com\\\/en\\\/family-campsite-in-landes\\\/#primaryimage\"},\"thumbnailUrl\":\"https:\\\/\\\/campinglacomtesse.com\\\/wp-content\\\/uploads\\\/2026\\\/03\\\/Camping-La-Comtesse-Gamme-Respire_210824_141_0.jpg\",\"datePublished\":\"2026-03-12T09:50:45+00:00\",\"dateModified\":\"2026-03-12T09:52:01+00:00\",\"description\":\"Family campsite in the Landes with swimming pool, slides and spacious pitches. A peaceful, natural break near Dax and Hossegor at Camping La Comtesse.\",\"breadcrumb\":{\"@id\":\"https:\\\/\\\/campinglacomtesse.com\\\/en\\\/family-campsite-in-landes\\\/#breadcrumb\"},\"inLanguage\":\"en-US\",\"potentialAction\":[{\"@type\":\"ReadAction\",\"target\":[\"https:\\\/\\\/campinglacomtesse.com\\\/en\\\/family-campsite-in-landes\\\/\"]}]},{\"@type\":\"ImageObject\",\"inLanguage\":\"en-US\",\"@id\":\"https:\\\/\\\/campinglacomtesse.com\\\/en\\\/family-campsite-in-landes\\\/#primaryimage\",\"url\":\"https:\\\/\\\/campinglacomtesse.com\\\/wp-content\\\/uploads\\\/2026\\\/03\\\/Camping-La-Comtesse-Gamme-Respire_210824_141_0.jpg\",\"contentUrl\":\"https:\\\/\\\/campinglacomtesse.com\\\/wp-content\\\/uploads\\\/2026\\\/03\\\/Camping-La-Comtesse-Gamme-Respire_210824_141_0.jpg\",\"width\":1000,\"height\":666,\"caption\":\"piscine camping familial landes camping la comtesse\"},{\"@type\":\"BreadcrumbList\",\"@id\":\"https:\\\/\\\/campinglacomtesse.com\\\/en\\\/family-campsite-in-landes\\\/#breadcrumb\",\"itemListElement\":[{\"@type\":\"ListItem\",\"position\":1,\"name\":\"Accueil\",\"item\":\"https:\\\/\\\/campinglacomtesse.com\\\/en\\\/\"},{\"@type\":\"ListItem\",\"position\":2,\"name\":\"Family campsite in Landes\"}]},{\"@type\":\"WebSite\",\"@id\":\"https:\\\/\\\/campinglacomtesse.com\\\/en\\\/#website\",\"url\":\"https:\\\/\\\/campinglacomtesse.com\\\/en\\\/\",\"name\":\"Camping La Comtesse\",\"description\":\"Camping 3 \u00e9toiles \u00e0 B\u00e9lus\",\"potentialAction\":[{\"@type\":\"SearchAction\",\"target\":{\"@type\":\"EntryPoint\",\"urlTemplate\":\"https:\\\/\\\/campinglacomtesse.com\\\/en\\\/?s={search_term_string}\"},\"query-input\":{\"@type\":\"PropertyValueSpecification\",\"valueRequired\":true,\"valueName\":\"search_term_string\"}}],\"inLanguage\":\"en-US\"}]}<\/script>\n<!-- \/ Yoast SEO plugin. -->","yoast_head_json":{"title":"Family campsite in the Landes | Camping La Comtesse","description":"Family campsite in the Landes with swimming pool, slides and spacious pitches. A peaceful, natural break near Dax and Hossegor at Camping La Comtesse.","robots":{"index":"index","follow":"follow","max-snippet":"max-snippet:-1","max-image-preview":"max-image-preview:large","max-video-preview":"max-video-preview:-1"},"canonical":"https:\/\/campinglacomtesse.com\/en\/family-campsite-in-landes\/","og_locale":"en_US","og_type":"article","og_title":"Family campsite in the Landes | Camping La Comtesse","og_description":"Family campsite in the Landes with swimming pool, slides and spacious pitches. A peaceful, natural break near Dax and Hossegor at Camping La Comtesse.","og_url":"https:\/\/campinglacomtesse.com\/en\/family-campsite-in-landes\/","og_site_name":"Camping La Comtesse","article_publisher":"https:\/\/www.facebook.com\/campinglacomtesse\/","article_modified_time":"2026-03-12T09:52:01+00:00","og_image":[{"width":1000,"height":666,"url":"https:\/\/campinglacomtesse.com\/wp-content\/uploads\/2026\/03\/Camping-La-Comtesse-Gamme-Respire_210824_141_0.jpg","type":"image\/jpeg"}],"twitter_card":"summary_large_image","twitter_misc":{"Est. reading time":"1 minute"},"schema":{"@context":"https:\/\/schema.org","@graph":[{"@type":"WebPage","@id":"https:\/\/campinglacomtesse.com\/en\/family-campsite-in-landes\/","url":"https:\/\/campinglacomtesse.com\/en\/family-campsite-in-landes\/","name":"Family campsite in the Landes | Camping La Comtesse","isPartOf":{"@id":"https:\/\/campinglacomtesse.com\/en\/#website"},"primaryImageOfPage":{"@id":"https:\/\/campinglacomtesse.com\/en\/family-campsite-in-landes\/#primaryimage"},"image":{"@id":"https:\/\/campinglacomtesse.com\/en\/family-campsite-in-landes\/#primaryimage"},"thumbnailUrl":"https:\/\/campinglacomtesse.com\/wp-content\/uploads\/2026\/03\/Camping-La-Comtesse-Gamme-Respire_210824_141_0.jpg","datePublished":"2026-03-12T09:50:45+00:00","dateModified":"2026-03-12T09:52:01+00:00","description":"Family campsite in the Landes with swimming pool, slides and spacious pitches. A peaceful, natural break near Dax and Hossegor at Camping La Comtesse.","breadcrumb":{"@id":"https:\/\/campinglacomtesse.com\/en\/family-campsite-in-landes\/#breadcrumb"},"inLanguage":"en-US","potentialAction":[{"@type":"ReadAction","target":["https:\/\/campinglacomtesse.com\/en\/family-campsite-in-landes\/"]}]},{"@type":"ImageObject","inLanguage":"en-US","@id":"https:\/\/campinglacomtesse.com\/en\/family-campsite-in-landes\/#primaryimage","url":"https:\/\/campinglacomtesse.com\/wp-content\/uploads\/2026\/03\/Camping-La-Comtesse-Gamme-Respire_210824_141_0.jpg","contentUrl":"https:\/\/campinglacomtesse.com\/wp-content\/uploads\/2026\/03\/Camping-La-Comtesse-Gamme-Respire_210824_141_0.jpg","width":1000,"height":666,"caption":"piscine camping familial landes camping la comtesse"},{"@type":"BreadcrumbList","@id":"https:\/\/campinglacomtesse.com\/en\/family-campsite-in-landes\/#breadcrumb","itemListElement":[{"@type":"ListItem","position":1,"name":"Accueil","item":"https:\/\/campinglacomtesse.com\/en\/"},{"@type":"ListItem","position":2,"name":"Family campsite in Landes"}]},{"@type":"WebSite","@id":"https:\/\/campinglacomtesse.com\/en\/#website","url":"https:\/\/campinglacomtesse.com\/en\/","name":"Camping La Comtesse","description":"Camping 3 \u00e9toiles \u00e0 B\u00e9lus","potentialAction":[{"@type":"SearchAction","target":{"@type":"EntryPoint","urlTemplate":"https:\/\/campinglacomtesse.com\/en\/?s={search_term_string}"},"query-input":{"@type":"PropertyValueSpecification","valueRequired":true,"valueName":"search_term_string"}}],"inLanguage":"en-US"}]}},"_links":{"self":[{"href":"https:\/\/campinglacomtesse.com\/en\/wp-json\/wp\/v2\/pages\/235338","targetHints":{"allow":["GET"]}}],"collection":[{"href":"https:\/\/campinglacomtesse.com\/en\/wp-json\/wp\/v2\/pages"}],"about":[{"href":"https:\/\/campinglacomtesse.com\/en\/wp-json\/wp\/v2\/types\/page"}],"author":[{"embeddable":true,"href":"https:\/\/campinglacomtesse.com\/en\/wp-json\/wp\/v2\/users\/6"}],"replies":[{"embeddable":true,"href":"https:\/\/campinglacomtesse.com\/en\/wp-json\/wp\/v2\/comments?post=235338"}],"version-history":[{"count":1,"href":"https:\/\/campinglacomtesse.com\/en\/wp-json\/wp\/v2\/pages\/235338\/revisions"}],"predecessor-version":[{"id":235340,"href":"https:\/\/campinglacomtesse.com\/en\/wp-json\/wp\/v2\/pages\/235338\/revisions\/235340"}],"wp:featuredmedia":[{"embeddable":true,"href":"https:\/\/campinglacomtesse.com\/en\/wp-json\/wp\/v2\/media\/235334"}],"wp:attachment":[{"href":"https:\/\/campinglacomtesse.com\/en\/wp-json\/wp\/v2\/media?parent=235338"}],"curies":[{"name":"wp","href":"https:\/\/api.w.org\/{rel}","templated":true}]}}